{"id":3401,"date":"2018-04-10T14:43:39","date_gmt":"2018-04-10T12:43:39","guid":{"rendered":"http:\/\/www.omniabpm.com\/soluzioni\/features\/on-premise-e-in-cloud\/"},"modified":"2024-10-28T15:00:01","modified_gmt":"2024-10-28T14:00:01","slug":"on-premise-e-in-cloud","status":"publish","type":"page","link":"https:\/\/www.omnia-platform.com\/it\/soluzioni\/features\/on-premise-e-in-cloud\/","title":{"rendered":"On Premise e In Cloud"},"content":{"rendered":"<p><div class=\"fusion-fullwidth fullwidth-box fusion-builder-row-1 fusion-parallax-none testata-pagina-1 nonhundred-percent-fullwidth non-hundred-percent-height-scrolling fusion-no-small-visibility fusion-no-medium-visibility\" style=\"--awb-background-repeat:repeat-x;--awb-border-radius-top-left:0px;--awb-border-radius-top-right:0px;--awb-border-radius-bottom-right:0px;--awb-border-radius-bottom-left:0px;--awb-padding-top:0px;--awb-padding-right:0px;--awb-padding-bottom:0px;--awb-padding-left:0px;--awb-margin-top:0px;--awb-margin-bottom:0px;--awb-background-color:#ffffff;--awb-background-image:url(&quot;https:\/\/www.omniabpm.com\/wp-content\/uploads\/2017\/12\/testata-features-white.jpg&quot;);--awb-flex-wrap:wrap;\" ><div class=\"fusion-builder-row fusion-row\"><div class=\"fusion-layout-column fusion_builder_column fusion-builder-column-0 fusion_builder_column_1_1 1_1 fusion-one-full fusion-column-first fusion-column-last\" style=\"--awb-padding-right:20px;--awb-padding-left:10px;--awb-bg-size:cover;--awb-margin-top:40px;\"><div class=\"fusion-column-wrapper fusion-flex-column-wrapper-legacy\"><div class=\"fusion-column-content-centered\"><div class=\"fusion-column-content\"><div class=\"fusion-text fusion-text-1\"><h1 style=\"color: white;\">On Premise<br \/>\ne in Cloud<span style=\"color: #e54e3c;\">.<\/span><\/h1>\n<\/div><\/div><\/div><div class=\"fusion-clearfix\"><\/div><\/div><\/div><div class=\"fusion-layout-column fusion_builder_column fusion-builder-column-1 fusion_builder_column_1_1 1_1 fusion-one-full fusion-column-first fusion-column-last\" style=\"--awb-padding-right:20px;--awb-padding-left:10px;--awb-bg-size:cover;--awb-margin-top:20px;--awb-margin-bottom:60px;\"><div class=\"fusion-column-wrapper fusion-flex-column-wrapper-legacy\"><div class=\"fusion-column-content-centered\"><div class=\"fusion-column-content\"><div class=\"fusion-text fusion-text-2\"><p style=\"color: white;\">Omnia pu\u00f2 funzionare ovunque: cloud, cloud privato,<br \/>\non premise ed anche in ibrido.<\/p>\n<\/div><\/div><\/div><div class=\"fusion-clearfix\"><\/div><\/div><\/div><\/div><\/div><div class=\"fusion-fullwidth fullwidth-box fusion-builder-row-2 nonhundred-percent-fullwidth non-hundred-percent-height-scrolling fusion-no-large-visibility\" style=\"--awb-background-repeat:repeat-x;--awb-border-radius-top-left:0px;--awb-border-radius-top-right:0px;--awb-border-radius-bottom-right:0px;--awb-border-radius-bottom-left:0px;--awb-padding-top:0px;--awb-padding-right:0px;--awb-padding-bottom:0px;--awb-padding-left:0px;--awb-margin-top:0px;--awb-margin-bottom:0px;--awb-background-color:#00003b;--awb-flex-wrap:wrap;\" ><div class=\"fusion-builder-row fusion-row\"><div class=\"fusion-layout-column fusion_builder_column fusion-builder-column-2 fusion_builder_column_1_1 1_1 fusion-one-full fusion-column-first fusion-column-last\" style=\"--awb-padding-right:20px;--awb-padding-left:10px;--awb-bg-size:cover;--awb-margin-top:40px;\"><div class=\"fusion-column-wrapper fusion-flex-column-wrapper-legacy\"><div class=\"fusion-column-content-centered\"><div class=\"fusion-column-content\"><div class=\"fusion-text fusion-text-3\"><h1 style=\"color: white;\">On Premise e in Cloud<span style=\"color: #e54e3c;\">.<\/span><\/h1>\n<\/div><\/div><\/div><div class=\"fusion-clearfix\"><\/div><\/div><\/div><div class=\"fusion-layout-column fusion_builder_column fusion-builder-column-3 fusion_builder_column_1_1 1_1 fusion-one-full fusion-column-first fusion-column-last\" style=\"--awb-padding-right:20px;--awb-padding-left:10px;--awb-bg-size:cover;--awb-margin-top:20px;\"><div class=\"fusion-column-wrapper fusion-flex-column-wrapper-legacy\"><div class=\"fusion-column-content-centered\"><div class=\"fusion-column-content\"><div class=\"fusion-text fusion-text-4\"><p style=\"color: white; text-align: justify;\">Omnia pu\u00f2 funzionare ovunque: cloud, cloud privato, on premise ed anche in ibrido.<\/p>\n<\/div><\/div><\/div><div class=\"fusion-clearfix\"><\/div><\/div><\/div><\/div><\/div><div class=\"fusion-fullwidth fullwidth-box fusion-builder-row-3 nonhundred-percent-fullwidth non-hundred-percent-height-scrolling fusion-equal-height-columns fusion-no-small-visibility fusion-no-medium-visibility\" style=\"--awb-border-radius-top-left:0px;--awb-border-radius-top-right:0px;--awb-border-radius-bottom-right:0px;--awb-border-radius-bottom-left:0px;--awb-padding-top:20px;--awb-padding-right:20px;--awb-padding-bottom:20px;--awb-padding-left:20px;--awb-margin-top:0px;--awb-margin-bottom:0px;--awb-background-color:#ffffff;--awb-flex-wrap:wrap;\" ><div class=\"fusion-builder-row fusion-row\"><div class=\"fusion-layout-column fusion_builder_column fusion-builder-column-4 fusion_builder_column_1_2 1_2 fusion-one-half fusion-column-first\" style=\"--awb-bg-color:#ffffff;--awb-bg-color-hover:#ffffff;--awb-bg-size:cover;--awb-margin-top:10px;--awb-margin-bottom:10px;width:50%;width:calc(50% - ( ( 4% ) * 0.5 ) );margin-right: 4%;\"><div class=\"fusion-column-wrapper fusion-flex-column-wrapper-legacy\"><div class=\"fusion-text fusion-text-5\"><p style=\"text-align: justify;\">In Cloud o on Premise?<\/p>\n<p style=\"text-align: justify;\">Con <strong>OMNIA<\/strong>, hai la libert\u00e0 di scegliere. La piattaforma \u00e8 tecnicamente indipendente dall&#8217;infrastruttura e commercialmente flessibile. Se scegli la formula SaaS, OMNIA \u00e8 erogata su un cloud di cui siamo partner, con un costo annuale che include una percentuale per la gestione del cloud. In alternativa, puoi optare per l&#8217;erogazione on premise, sia sulla tua infrastruttura, sia su cloud con cui hai gi\u00e0 accordi predefiniti. In questo caso, saranno quotate solo le sottoscrizioni annuali, garantendoti il massimo controllo e flessibilit\u00e0.<\/p>\n<\/div><div class=\"fusion-clearfix\"><\/div><\/div><\/div><div class=\"fusion-layout-column fusion_builder_column fusion-builder-column-5 fusion_builder_column_1_2 1_2 fusion-one-half fusion-column-last\" style=\"--awb-bg-color:#ffffff;--awb-bg-color-hover:#ffffff;--awb-bg-size:cover;--awb-margin-top:10px;--awb-margin-bottom:10px;width:50%;width:calc(50% - ( ( 4% ) * 0.5 ) );\"><div class=\"fusion-column-wrapper fusion-flex-column-wrapper-legacy\"><div class=\"fusion-image-element fusion-image-align-center in-legacy-container\" style=\"text-align:center;--awb-caption-title-font-family:var(--h2_typography-font-family);--awb-caption-title-font-weight:var(--h2_typography-font-weight);--awb-caption-title-font-style:var(--h2_typography-font-style);--awb-caption-title-size:var(--h2_typography-font-size);--awb-caption-title-transform:var(--h2_typography-text-transform);--awb-caption-title-line-height:var(--h2_typography-line-height);--awb-caption-title-letter-spacing:var(--h2_typography-letter-spacing);\"><div class=\"imageframe-align-center\"><span class=\" fusion-imageframe imageframe-dropshadow imageframe-1 hover-type-none\" style=\"-webkit-box-shadow: 3px 3px 7px rgba(0,0,0,0.3);box-shadow: 3px 3px 7px rgba(0,0,0,0.3);\"><img fetchpriority=\"high\" fetchpriority=\"high\" decoding=\"async\" width=\"450\" height=\"301\" alt=\"Woman touching devices diagram\" title=\"On Premise In Cloud\" src=\"http:\/\/www.omniabpm.com\/wp-content\/uploads\/2017\/12\/onpremiseincloud_2_450.jpg\" class=\"img-responsive wp-image-3110\" srcset=\"https:\/\/www.omnia-platform.com\/wp-content\/uploads\/2017\/12\/onpremiseincloud_2_450-200x134.jpg 200w, https:\/\/www.omnia-platform.com\/wp-content\/uploads\/2017\/12\/onpremiseincloud_2_450-400x268.jpg 400w, https:\/\/www.omnia-platform.com\/wp-content\/uploads\/2017\/12\/onpremiseincloud_2_450.jpg 450w\" sizes=\"(max-width: 800px) 100vw, 450px\" \/><\/span><\/div><\/div><div class=\"fusion-clearfix\"><\/div><\/div><\/div><\/div><\/div><div class=\"fusion-fullwidth fullwidth-box fusion-builder-row-4 nonhundred-percent-fullwidth non-hundred-percent-height-scrolling fusion-no-large-visibility\" style=\"--awb-border-radius-top-left:0px;--awb-border-radius-top-right:0px;--awb-border-radius-bottom-right:0px;--awb-border-radius-bottom-left:0px;--awb-padding-top:20px;--awb-padding-right:20px;--awb-padding-bottom:10px;--awb-padding-left:20px;--awb-margin-top:0px;--awb-margin-bottom:0px;--awb-background-color:#ffffff;--awb-flex-wrap:wrap;\" ><div class=\"fusion-builder-row fusion-row\"><div class=\"fusion-layout-column fusion_builder_column fusion-builder-column-6 fusion_builder_column_1_2 1_2 fusion-one-half fusion-column-first\" style=\"--awb-bg-color:#ffffff;--awb-bg-color-hover:#ffffff;--awb-bg-size:cover;--awb-margin-top:10px;--awb-margin-bottom:10px;width:50%;width:calc(50% - ( ( 4% ) * 0.5 ) );margin-right: 4%;\"><div class=\"fusion-column-wrapper fusion-flex-column-wrapper-legacy\"><div class=\"fusion-column-content-centered\"><div class=\"fusion-column-content\"><div class=\"fusion-image-element fusion-image-align-center in-legacy-container\" style=\"text-align:center;--awb-caption-title-font-family:var(--h2_typography-font-family);--awb-caption-title-font-weight:var(--h2_typography-font-weight);--awb-caption-title-font-style:var(--h2_typography-font-style);--awb-caption-title-size:var(--h2_typography-font-size);--awb-caption-title-transform:var(--h2_typography-text-transform);--awb-caption-title-line-height:var(--h2_typography-line-height);--awb-caption-title-letter-spacing:var(--h2_typography-letter-spacing);\"><div class=\"imageframe-align-center\"><span class=\" fusion-imageframe imageframe-dropshadow imageframe-2 hover-type-none\" style=\"-webkit-box-shadow: 3px 3px 7px rgba(0,0,0,0.3);box-shadow: 3px 3px 7px rgba(0,0,0,0.3);\"><img fetchpriority=\"high\" fetchpriority=\"high\" decoding=\"async\" width=\"450\" height=\"301\" alt=\"Woman touching devices diagram\" title=\"On Premise In Cloud\" src=\"http:\/\/www.omniabpm.com\/wp-content\/uploads\/2017\/12\/onpremiseincloud_2_450.jpg\" class=\"img-responsive wp-image-3110\" srcset=\"https:\/\/www.omnia-platform.com\/wp-content\/uploads\/2017\/12\/onpremiseincloud_2_450-200x134.jpg 200w, https:\/\/www.omnia-platform.com\/wp-content\/uploads\/2017\/12\/onpremiseincloud_2_450-400x268.jpg 400w, https:\/\/www.omnia-platform.com\/wp-content\/uploads\/2017\/12\/onpremiseincloud_2_450.jpg 450w\" sizes=\"(max-width: 800px) 100vw, 450px\" \/><\/span><\/div><\/div><\/div><\/div><div class=\"fusion-clearfix\"><\/div><\/div><\/div><div class=\"fusion-layout-column fusion_builder_column fusion-builder-column-7 fusion_builder_column_1_2 1_2 fusion-one-half fusion-column-last\" style=\"--awb-bg-color:#ffffff;--awb-bg-color-hover:#ffffff;--awb-bg-size:cover;--awb-margin-top:10px;--awb-margin-bottom:10px;width:50%;width:calc(50% - ( ( 4% ) * 0.5 ) );\"><div class=\"fusion-column-wrapper fusion-flex-column-wrapper-legacy\"><div class=\"fusion-column-content-centered\"><div class=\"fusion-column-content\"><div class=\"fusion-text fusion-text-6\"><p style=\"text-align: justify;\">In Cloud o on Premise?<\/p>\n<p style=\"text-align: justify;\">Con <strong>OMNIA<\/strong>, hai la libert\u00e0 di scegliere. La piattaforma \u00e8 tecnicamente indipendente dall&#8217;infrastruttura e commercialmente flessibile. Se scegli la formula SaaS, OMNIA \u00e8 erogata su un cloud di cui siamo partner, con un costo annuale che include una percentuale per la gestione del cloud. In alternativa, puoi optare per l&#8217;erogazione on premise, sia sulla tua infrastruttura, sia su cloud con cui hai gi\u00e0 accordi predefiniti. In questo caso, saranno quotate solo le sottoscrizioni annuali, garantendoti il massimo controllo e flessibilit\u00e0.<\/p>\n<\/div><\/div><\/div><div class=\"fusion-clearfix\"><\/div><\/div><\/div><\/div><\/div><div class=\"fusion-fullwidth fullwidth-box fusion-builder-row-5 nonhundred-percent-fullwidth non-hundred-percent-height-scrolling\" style=\"--awb-border-radius-top-left:0px;--awb-border-radius-top-right:0px;--awb-border-radius-bottom-right:0px;--awb-border-radius-bottom-left:0px;--awb-padding-top:80px;--awb-padding-right:0px;--awb-padding-bottom:60px;--awb-padding-left:0px;--awb-margin-top:0px;--awb-margin-bottom:0px;--awb-background-color:#d7d7d7;--awb-flex-wrap:wrap;\" ><div class=\"fusion-builder-row fusion-row\"><div class=\"fusion-layout-column fusion_builder_column fusion-builder-column-8 fusion_builder_column_1_1 1_1 fusion-one-full fusion-column-first fusion-column-last\" style=\"--awb-bg-size:cover;--awb-border-color:#000000;--awb-border-top:0;--awb-border-right:0;--awb-border-bottom:0;--awb-border-left:0;--awb-border-style:solid;\"><div class=\"fusion-column-wrapper fusion-flex-column-wrapper-legacy\"><div class=\"fusion-column-content-centered\"><div class=\"fusion-column-content\"><div class=\"fusion-text fusion-text-7\"><h2 style=\"color: #016f9e; text-align: center;\"><strong>Richiedi una Call<\/strong><span style=\"color: #e54e3c;\">.<\/span><\/h2>\n<\/div><\/div><\/div><div class=\"fusion-clearfix\"><\/div><\/div><\/div><div class=\"fusion-layout-column fusion_builder_column fusion-builder-column-9 fusion_builder_column_1_1 1_1 fusion-one-full fusion-column-first fusion-column-last\" style=\"--awb-padding-right:40px;--awb-padding-left:40px;--awb-bg-size:cover;--awb-border-color:#000000;--awb-border-top:0;--awb-border-right:0;--awb-border-bottom:0;--awb-border-left:0;--awb-border-style:solid;--awb-margin-top:40px;\"><div class=\"fusion-column-wrapper fusion-flex-column-wrapper-legacy\"><div class=\"fusion-column-content-centered\"><div class=\"fusion-column-content\"><div class=\"wpforms-container wpforms-container-full\" id=\"wpforms-16047\"><form id=\"wpforms-form-16047\" class=\"wpforms-validate wpforms-form\" data-formid=\"16047\" method=\"post\" enctype=\"multipart\/form-data\" action=\"\/it\/wp-json\/wp\/v2\/pages\/3401\" data-token=\"1801c21c84d9c3541696340de5bdcfe4\" data-token-time=\"1776421701\"><noscript class=\"wpforms-error-noscript\">Abilita JavaScript nel browser per completare questo modulo.<\/noscript><div class=\"wpforms-field-container\"><div id=\"wpforms-16047-field_8-container\" class=\"wpforms-field wpforms-field-text wpforms-one-half wpforms-first\" data-field-id=\"8\"><label class=\"wpforms-field-label wpforms-label-hide\" for=\"wpforms-16047-field_8\">Nome <span class=\"wpforms-required-label\">*<\/span><\/label><input type=\"text\" id=\"wpforms-16047-field_8\" class=\"wpforms-field-large wpforms-field-required\" name=\"wpforms[fields][8]\" placeholder=\"Nome\" required><\/div><div id=\"wpforms-16047-field_9-container\" class=\"wpforms-field wpforms-field-text wpforms-one-half\" data-field-id=\"9\"><label class=\"wpforms-field-label wpforms-label-hide\" for=\"wpforms-16047-field_9\">Cognome <span class=\"wpforms-required-label\">*<\/span><\/label><input type=\"text\" id=\"wpforms-16047-field_9\" class=\"wpforms-field-large wpforms-field-required\" name=\"wpforms[fields][9]\" placeholder=\"Cognome\" required><\/div><div id=\"wpforms-16047-field_4-container\" class=\"wpforms-field wpforms-field-text wpforms-one-half wpforms-first\" data-field-id=\"4\"><label class=\"wpforms-field-label wpforms-label-hide\" for=\"wpforms-16047-field_4\">Azienda <span class=\"wpforms-required-label\">*<\/span><\/label><input type=\"text\" id=\"wpforms-16047-field_4\" class=\"wpforms-field-large wpforms-field-required\" name=\"wpforms[fields][4]\" placeholder=\"Azienda\" required><\/div><div id=\"wpforms-16047-field_11-container\" class=\"wpforms-field wpforms-field-email wpforms-one-half\" data-field-id=\"11\"><label class=\"wpforms-field-label wpforms-label-hide\" for=\"wpforms-16047-field_11\">Email <span class=\"wpforms-required-label\">*<\/span><\/label><input type=\"email\" id=\"wpforms-16047-field_11\" class=\"wpforms-field-large wpforms-field-required\" name=\"wpforms[fields][11]\" placeholder=\"Email\" spellcheck=\"false\" required><\/div><div id=\"wpforms-16047-field_5-container\" class=\"wpforms-field wpforms-field-number wpforms-one-half wpforms-first\" data-field-id=\"5\"><label class=\"wpforms-field-label wpforms-label-hide\" for=\"wpforms-16047-field_5\">Telefono <span class=\"wpforms-required-label\">*<\/span><\/label><input type=\"number\" id=\"wpforms-16047-field_5\" class=\"wpforms-field-large wpforms-field-required\" name=\"wpforms[fields][5]\" placeholder=\"Telefono\" step=\"any\" required><\/div><div id=\"wpforms-16047-field_12-container\" class=\"wpforms-field wpforms-field-select wpforms-one-half wpforms-field-select-style-classic\" data-field-id=\"12\"><label class=\"wpforms-field-label wpforms-label-hide\" for=\"wpforms-16047-field_12\">Interesse<\/label><select id=\"wpforms-16047-field_12\" class=\"wpforms-field-large\" name=\"wpforms[fields][12]\"><option value=\"---\"  class=\"choice-9 depth-1\"  >---<\/option><option value=\"Omnia HR Applications\"  class=\"choice-1 depth-1\"  >Omnia HR Applications<\/option><option value=\"Financial Management\"  class=\"choice-2 depth-1\"  >Financial Management<\/option><option value=\"Service Catalog\"  class=\"choice-3 depth-1\"  >Service Catalog<\/option><option value=\"ITSM\"  class=\"choice-4 depth-1\"  >ITSM<\/option><option value=\"Asset Management\"  class=\"choice-5 depth-1\"  >Asset Management<\/option><option value=\"PPM\"  class=\"choice-6 depth-1\"  >PPM<\/option><option value=\"Document Management\"  class=\"choice-7 depth-1\"  >Document Management<\/option><option value=\"Analytics Dashboard\"  class=\"choice-8 depth-1\"  >Analytics Dashboard<\/option><\/select><\/div><div id=\"wpforms-16047-field_13-container\" class=\"wpforms-field wpforms-field-textarea\" data-field-id=\"13\"><label class=\"wpforms-field-label wpforms-label-hide\" for=\"wpforms-16047-field_13\">Commenti<\/label><textarea id=\"wpforms-16047-field_13\" class=\"wpforms-field-large\" name=\"wpforms[fields][13]\" placeholder=\"Commenti\" ><\/textarea><\/div><div id=\"wpforms-16047-field_14-container\" class=\"wpforms-field wpforms-field-gdpr-checkbox\" data-field-id=\"14\"><label class=\"wpforms-field-label\">Accordo GDPR <span class=\"wpforms-required-label\">*<\/span><\/label><ul id=\"wpforms-16047-field_14\" class=\"wpforms-field-required\"><li class=\"choice-1\"><input type=\"checkbox\" id=\"wpforms-16047-field_14_1\" name=\"wpforms[fields][14][]\" value=\"Acconsento che questo sito Web memorizzi le informazioni inviate in modo che possano rispondere alla mia richiesta.\" required ><label class=\"wpforms-field-label-inline\" for=\"wpforms-16047-field_14_1\">Acconsento che questo sito Web memorizzi le informazioni inviate in modo che possano rispondere alla mia richiesta.<\/label><\/li><\/ul><\/div><div id=\"wpforms-16047-field_15-container\" class=\"wpforms-field wpforms-field-gdpr-checkbox\" data-field-id=\"15\"><label class=\"wpforms-field-label\">Privacy Policy <span class=\"wpforms-required-label\">*<\/span><\/label><ul id=\"wpforms-16047-field_15\" class=\"wpforms-field-required\"><li class=\"choice-1\"><input type=\"checkbox\" id=\"wpforms-16047-field_15_1\" name=\"wpforms[fields][15][]\" value=\"Dichiaro di aver letto l\u2019informativa di &lt;a href=&quot;https:\/\/www.omniabpm.com\/it\/privacy-policy\/&quot;&gt; privacy policy &lt;\/a&gt; e accetto i termini in essa contenuti\" required ><label class=\"wpforms-field-label-inline\" for=\"wpforms-16047-field_15_1\">Dichiaro di aver letto l\u2019informativa di <a href=\"https:\/\/www.omniabpm.com\/it\/privacy-policy\/\"> privacy policy <\/a> e accetto i termini in essa contenuti<\/label><\/li><\/ul><\/div><\/div><!-- .wpforms-field-container --><div class=\"wpforms-recaptcha-container wpforms-is-recaptcha wpforms-is-recaptcha-type-v3\" ><input type=\"hidden\" name=\"wpforms[recaptcha]\" value=\"\"><\/div><div class=\"wpforms-submit-container\" ><input type=\"hidden\" name=\"wpforms[id]\" value=\"16047\"><input type=\"hidden\" name=\"page_title\" value=\"\"><input type=\"hidden\" name=\"page_url\" value=\"https:\/\/www.omnia-platform.com\/it\/wp-json\/wp\/v2\/pages\/3401\"><input type=\"hidden\" name=\"url_referer\" value=\"\"><button type=\"submit\" name=\"wpforms[submit]\" id=\"wpforms-submit-16047\" class=\"wpforms-submit contact-button\" aria-live=\"assertive\" value=\"wpforms-submit\">INVIA<\/button><\/div><\/form><\/div>  <!-- .wpforms-container --><\/div><\/div><div class=\"fusion-clearfix\"><\/div><\/div><\/div><\/div><\/div><\/p>\n","protected":false},"excerpt":{"rendered":"","protected":false},"author":1,"featured_media":0,"parent":3312,"menu_order":0,"comment_status":"closed","ping_status":"closed","template":"100-width.php","meta":{"footnotes":""},"class_list":["post-3401","page","type-page","status-publish","hentry"],"_links":{"self":[{"href":"https:\/\/www.omnia-platform.com\/it\/wp-json\/wp\/v2\/pages\/3401","targetHints":{"allow":["GET"]}}],"collection":[{"href":"https:\/\/www.omnia-platform.com\/it\/wp-json\/wp\/v2\/pages"}],"about":[{"href":"https:\/\/www.omnia-platform.com\/it\/wp-json\/wp\/v2\/types\/page"}],"author":[{"embeddable":true,"href":"https:\/\/www.omnia-platform.com\/it\/wp-json\/wp\/v2\/users\/1"}],"replies":[{"embeddable":true,"href":"https:\/\/www.omnia-platform.com\/it\/wp-json\/wp\/v2\/comments?post=3401"}],"version-history":[{"count":0,"href":"https:\/\/www.omnia-platform.com\/it\/wp-json\/wp\/v2\/pages\/3401\/revisions"}],"up":[{"embeddable":true,"href":"https:\/\/www.omnia-platform.com\/it\/wp-json\/wp\/v2\/pages\/3312"}],"wp:attachment":[{"href":"https:\/\/www.omnia-platform.com\/it\/wp-json\/wp\/v2\/media?parent=3401"}],"curies":[{"name":"wp","href":"https:\/\/api.w.org\/{rel}","templated":true}]}}