{"id":16977,"date":"2025-10-08T09:42:18","date_gmt":"2025-10-08T07:42:18","guid":{"rendered":"https:\/\/www.omniabpm.com\/soluzioni\/prodotti\/omnia-smart-applications\/omnia-master-data-management-mdm\/"},"modified":"2025-10-08T09:52:05","modified_gmt":"2025-10-08T07:52:05","slug":"omnia-master-data-management-mdm","status":"publish","type":"page","link":"https:\/\/www.omnia-platform.com\/it\/soluzioni\/prodotti\/omnia-smart-applications\/omnia-master-data-management-mdm\/","title":{"rendered":"Omnia Master Data Management (MDM)"},"content":{"rendered":"<p><div class=\"fusion-fullwidth fullwidth-box fusion-builder-row-1 fusion-flex-container has-pattern-background has-mask-background fusion-parallax-none testata-pagina-1 nonhundred-percent-fullwidth non-hundred-percent-height-scrolling fusion-no-small-visibility fusion-no-medium-visibility\" style=\"--awb-border-radius-top-left:0px;--awb-border-radius-top-right:0px;--awb-border-radius-bottom-right:0px;--awb-border-radius-bottom-left:0px;--awb-background-color:#ffffff;--awb-background-image:url(&quot;https:\/\/www.omniabpm.com\/wp-content\/uploads\/2025\/10\/testata-products-huge_new-1.jpg&quot;);--awb-background-size:cover;--awb-flex-wrap:wrap;\" ><div class=\"fusion-builder-row fusion-row fusion-flex-align-items-flex-start fusion-flex-content-wrap\" style=\"max-width:1144px;margin-left: calc(-4% \/ 2 );margin-right: calc(-4% \/ 2 );\"><div class=\"fusion-layout-column fusion_builder_column fusion-builder-column-0 fusion_builder_column_1_1 1_1 fusion-flex-column\" style=\"--awb-bg-size:cover;--awb-width-large:100%;--awb-margin-top-large:0px;--awb-spacing-right-large:1.92%;--awb-margin-bottom-large:0px;--awb-spacing-left-large:1.92%;--awb-width-medium:100%;--awb-spacing-right-medium:1.92%;--awb-spacing-left-medium:1.92%;--awb-width-small:100%;--awb-spacing-right-small:1.92%;--awb-spacing-left-small:1.92%;\"><div class=\"fusion-column-wrapper fusion-flex-justify-content-flex-start fusion-content-layout-column\"><div class=\"fusion-text fusion-text-1\"><h1 style=\"color: white;\">Omnia<br \/>\nMaster Data<br \/>\nManagement (MDM)<span style=\"color: #e54e3c;\">.<\/span><\/h1>\n<\/div><div class=\"fusion-text fusion-text-2\"><p>&nbsp;<\/p>\n<p style=\"color: white;\">Centralizza, orchestra e proteggi i tuoi dati aziendali<\/p>\n<\/div><\/div><\/div><\/div><\/div><div class=\"fusion-fullwidth fullwidth-box fusion-builder-row-2 has-pattern-background has-mask-background nonhundred-percent-fullwidth non-hundred-percent-height-scrolling fusion-no-large-visibility\" style=\"--awb-border-radius-top-left:0px;--awb-border-radius-top-right:0px;--awb-border-radius-bottom-right:0px;--awb-border-radius-bottom-left:0px;--awb-background-color:#00003b;--awb-flex-wrap:wrap;\" ><div class=\"fusion-builder-row fusion-row\"><div class=\"fusion-layout-column fusion_builder_column fusion-builder-column-1 fusion_builder_column_1_1 1_1 fusion-one-full fusion-column-first fusion-column-last\" style=\"--awb-bg-size:cover;\"><div class=\"fusion-column-wrapper fusion-flex-column-wrapper-legacy\"><div class=\"fusion-text fusion-text-3\"><p style=\"color: white;\">Centralizza, orchestra e proteggi i tuoi dati aziendali<\/p>\n<\/div><div class=\"fusion-text fusion-text-4\"><p style=\"color: white;\">Centralizza, orchestra e proteggi i dati aziendali<\/p>\n<\/div><div class=\"fusion-clearfix\"><\/div><\/div><\/div><\/div><\/div><div class=\"fusion-fullwidth fullwidth-box fusion-builder-row-3 fusion-flex-container has-pattern-background has-mask-background nonhundred-percent-fullwidth non-hundred-percent-height-scrolling fusion-no-small-visibility fusion-no-medium-visibility\" style=\"--awb-border-radius-top-left:0px;--awb-border-radius-top-right:0px;--awb-border-radius-bottom-right:0px;--awb-border-radius-bottom-left:0px;--awb-background-color:#ffffff;--awb-flex-wrap:wrap;\" ><div class=\"fusion-builder-row fusion-row fusion-flex-align-items-flex-start fusion-flex-content-wrap\" style=\"max-width:1144px;margin-left: calc(-4% \/ 2 );margin-right: calc(-4% \/ 2 );\"><div class=\"fusion-layout-column fusion_builder_column fusion-builder-column-2 fusion_builder_column_1_1 1_1 fusion-flex-column\" style=\"--awb-bg-size:cover;--awb-width-large:100%;--awb-margin-top-large:0px;--awb-spacing-right-large:1.92%;--awb-margin-bottom-large:0px;--awb-spacing-left-large:1.92%;--awb-width-medium:100%;--awb-spacing-right-medium:1.92%;--awb-spacing-left-medium:1.92%;--awb-width-small:100%;--awb-spacing-right-small:1.92%;--awb-spacing-left-small:1.92%;\"><div class=\"fusion-column-wrapper fusion-flex-justify-content-flex-start fusion-content-layout-column\"><div class=\"fusion-text fusion-text-5\"><p><strong>Omnia MDM<\/strong> \u00e8 un&#8217;applicazione intelligente progettata per centralizzare, orchestrare e garantire la qualit\u00e0 dei dati master, come clienti, fornitori, asset, strutture e unit\u00e0 organizzative, in ecosistemi IT complessi.<br \/>\nFunziona da <strong>hub di integrazione centrale<\/strong>, garantendo <strong>coerenza, tracciabilit\u00e0 e resilienza operativa<\/strong> nell&#8217;intero panorama dei dati aziendali.<\/p>\n<\/div><\/div><\/div><div class=\"fusion-layout-column fusion_builder_column fusion-builder-column-3 fusion_builder_column_1_2 1_2 fusion-flex-column\" style=\"--awb-bg-size:cover;--awb-width-large:50%;--awb-margin-top-large:0px;--awb-spacing-right-large:3.84%;--awb-margin-bottom-large:0px;--awb-spacing-left-large:3.84%;--awb-width-medium:100%;--awb-order-medium:0;--awb-spacing-right-medium:1.92%;--awb-spacing-left-medium:1.92%;--awb-width-small:100%;--awb-order-small:0;--awb-spacing-right-small:1.92%;--awb-spacing-left-small:1.92%;\"><div class=\"fusion-column-wrapper fusion-column-has-shadow fusion-flex-justify-content-flex-start fusion-content-layout-column\"><div class=\"fusion-image-element \" style=\"--awb-caption-title-font-family:var(--h2_typography-font-family);--awb-caption-title-font-weight:var(--h2_typography-font-weight);--awb-caption-title-font-style:var(--h2_typography-font-style);--awb-caption-title-size:var(--h2_typography-font-size);--awb-caption-title-transform:var(--h2_typography-text-transform);--awb-caption-title-line-height:var(--h2_typography-line-height);--awb-caption-title-letter-spacing:var(--h2_typography-letter-spacing);\"><span class=\" fusion-imageframe imageframe-none imageframe-1 hover-type-none\"><img fetchpriority=\"high\" fetchpriority=\"high\" decoding=\"async\" width=\"1040\" height=\"640\" title=\"MDM\" src=\"https:\/\/www.omniabpm.com\/wp-content\/uploads\/2025\/10\/MDM.png\" alt class=\"img-responsive wp-image-16944\" srcset=\"https:\/\/www.omnia-platform.com\/wp-content\/uploads\/2025\/10\/MDM-200x123.png 200w, https:\/\/www.omnia-platform.com\/wp-content\/uploads\/2025\/10\/MDM-400x246.png 400w, https:\/\/www.omnia-platform.com\/wp-content\/uploads\/2025\/10\/MDM-600x369.png 600w, https:\/\/www.omnia-platform.com\/wp-content\/uploads\/2025\/10\/MDM-800x492.png 800w, https:\/\/www.omnia-platform.com\/wp-content\/uploads\/2025\/10\/MDM.png 1040w\" sizes=\"(max-width: 1023px) 100vw, (max-width: 640px) 100vw, 600px\" \/><\/span><\/div><\/div><\/div><div class=\"fusion-layout-column fusion_builder_column fusion-builder-column-4 fusion_builder_column_1_2 1_2 fusion-flex-column\" style=\"--awb-bg-size:cover;--awb-width-large:50%;--awb-margin-top-large:0px;--awb-spacing-right-large:3.84%;--awb-margin-bottom-large:0px;--awb-spacing-left-large:3.84%;--awb-width-medium:100%;--awb-order-medium:0;--awb-spacing-right-medium:1.92%;--awb-spacing-left-medium:1.92%;--awb-width-small:100%;--awb-order-small:0;--awb-spacing-right-small:1.92%;--awb-spacing-left-small:1.92%;\"><div class=\"fusion-column-wrapper fusion-column-has-shadow fusion-flex-justify-content-flex-start fusion-content-layout-column\"><div class=\"fusion-text fusion-text-6\"><p><strong>Un hub dati progettato per l&#8217;interoperabilit\u00e0<\/strong><\/p>\n<p>Omnia MDM adotta un <strong>modello Publisher\/Subscriber basato sugli eventi<\/strong>: ogni modifica a un record master attiva automaticamente un evento che si propaga a tutti i sistemi connessi.<br \/>\nOgni applicazione pu\u00f2 fungere sia da <strong>Publisher<\/strong> che da <strong>Subscriber<\/strong>, consentendo la <strong>sincronizzazione in tempo reale<\/strong> e la <strong>comunicazione bidirezionale<\/strong> tra i sistemi aziendali.<\/p>\n<p><strong>Configurazione low-code e integrazione perfetta<\/strong><\/p>\n<p>Tutte le funzionalit\u00e0 MDM sono esposte tramite <strong>API REST<\/strong> sicure e possono essere configurate tramite l&#8217;<strong>interfaccia low-code<\/strong> della piattaforma:<\/p>\n<ul>\n<li>Definisci attributi e relazioni tra dati<\/li>\n<li>Imposta regole, convalide e vincoli<\/li>\n<li>Configura la logica di sincronizzazione e pianificazione<\/li>\n<\/ul>\n<\/div><\/div><\/div><div class=\"fusion-layout-column fusion_builder_column fusion-builder-column-5 fusion_builder_column_1_1 1_1 fusion-flex-column\" style=\"--awb-bg-size:cover;--awb-width-large:100%;--awb-margin-top-large:0px;--awb-spacing-right-large:1.92%;--awb-margin-bottom-large:0px;--awb-spacing-left-large:1.92%;--awb-width-medium:100%;--awb-order-medium:0;--awb-spacing-right-medium:1.92%;--awb-spacing-left-medium:1.92%;--awb-width-small:100%;--awb-order-small:0;--awb-spacing-right-small:1.92%;--awb-spacing-left-small:1.92%;\"><div class=\"fusion-column-wrapper fusion-column-has-shadow fusion-flex-justify-content-flex-start fusion-content-layout-column\"><div class=\"fusion-text fusion-text-7\"><p>MDM supporta flussi di dati sia <strong>reattivi (basati su eventi)<\/strong> che <strong>proattivi (pianificati)<\/strong>, integrati con <strong>Omnia BPM<\/strong> per flussi di lavoro di approvazione o convalida.<\/p>\n<p><strong>Sicurezza, governance e conformit\u00e0<\/strong><\/p>\n<p>Omnia MDM garantisce una sicurezza di livello aziendale con comunicazioni crittografate, certificati digitali e monitoraggio centralizzato. Le funzionalit\u00e0 di governance includono:<\/p>\n<ul>\n<li>Audit trail completo e <strong>versioning<\/strong> di ogni modifica dei dati<\/li>\n<li><strong>Funzionalit\u00e0 di rollback<\/strong> e ripristino<\/li>\n<li><strong>Flussi di lavoro di approvazione<\/strong> per gli aggiornamenti dei dati<\/li>\n<li>Console centralizzata per il monitoraggio di eventi e interazioni di sistema<\/li>\n<\/ul>\n<p><strong>Architettura scalabile e resiliente<\/strong><\/p>\n<p>Omnia MDM garantisce <strong>integrit\u00e0 e continuit\u00e0 dei dati<\/strong> anche durante i tempi di inattivit\u00e0 dei sistemi esterni, supportando sia la logica sincrona che asincrona con <strong>nuovi tentativi automatici<\/strong> e <strong>persistenza degli eventi<\/strong>.<br \/>\nLa sua architettura componibile e disaccoppiata garantisce <strong>scalabilit\u00e0<\/strong> e <strong>prontezza per il futuro<\/strong>, evolvendosi insieme alla tua infrastruttura IT.<\/p>\n<p><strong>Integrazione con altri moduli Omnia<\/strong><\/p>\n<p>Omnia MDM si integra perfettamente con l&#8217;ecosistema Omnia per estenderne le funzionalit\u00e0 lungo l&#8217;intero ciclo di vita dei dati:<\/p>\n<ul>\n<li><strong>Omnia BPM<\/strong> per l&#8217;orchestrazione dei processi e i flussi di approvazione<\/li>\n<li><strong>Omnia Document Management<\/strong> per la generazione di documenti su dati convalidati<\/li>\n<li><strong>Omnia AI Director<\/strong> per la fornitura di dati certificati a modelli di intelligenza artificiale e machine learning<\/li>\n<li><strong>Omnia Remote Document Storage<\/strong> per la sincronizzazione di file e documenti (in combinazione con il modulo MFM)<\/li>\n<\/ul>\n<p><strong>Vantaggi strategici<\/strong><\/p>\n<ul>\n<li>Dati unificati e certificati su tutti i sistemi<\/li>\n<li>Interoperabilit\u00e0 accelerata e riduzione dello sforzo di integrazione<\/li>\n<li>Miglioramento della qualit\u00e0, della sicurezza e della conformit\u00e0 dei dati<\/li>\n<li>Piena visibilit\u00e0 sui flussi di informazioni<\/li>\n<li>Fondamenti per Innovazione guidata dall&#8217;intelligenza artificiale<\/li>\n<\/ul>\n<\/div><\/div><\/div><div class=\"fusion-layout-column fusion_builder_column fusion-builder-column-6 fusion_builder_column_1_2 1_2 fusion-flex-column\" style=\"--awb-bg-size:cover;--awb-width-large:50%;--awb-margin-top-large:0px;--awb-spacing-right-large:3.84%;--awb-margin-bottom-large:0px;--awb-spacing-left-large:3.84%;--awb-width-medium:100%;--awb-order-medium:0;--awb-spacing-right-medium:1.92%;--awb-spacing-left-medium:1.92%;--awb-width-small:100%;--awb-order-small:0;--awb-spacing-right-small:1.92%;--awb-spacing-left-small:1.92%;\"><div class=\"fusion-column-wrapper fusion-column-has-shadow fusion-flex-justify-content-flex-start fusion-content-layout-column\"><\/div><\/div><\/div><\/div><div class=\"fusion-fullwidth fullwidth-box fusion-builder-row-4 has-pattern-background has-mask-background nonhundred-percent-fullwidth non-hundred-percent-height-scrolling fusion-no-large-visibility\" style=\"--awb-border-radius-top-left:0px;--awb-border-radius-top-right:0px;--awb-border-radius-bottom-right:0px;--awb-border-radius-bottom-left:0px;--awb-background-color:#ffffff;--awb-flex-wrap:wrap;\" ><div class=\"fusion-builder-row fusion-row\"><div class=\"fusion-layout-column fusion_builder_column fusion-builder-column-7 fusion_builder_column_1_1 1_1 fusion-one-full fusion-column-first fusion-column-last\" style=\"--awb-bg-size:cover;\"><div class=\"fusion-column-wrapper fusion-flex-column-wrapper-legacy\"><div class=\"fusion-text fusion-text-8\"><p><strong>Omnia MDM<\/strong> \u00e8 un&#8217;applicazione intelligente progettata per centralizzare, orchestrare e garantire la qualit\u00e0 dei dati master, come clienti, fornitori, asset, strutture e unit\u00e0 organizzative, in ecosistemi IT complessi.<br \/>\nFunziona da <strong>hub di integrazione centrale<\/strong>, garantendo <strong>coerenza, tracciabilit\u00e0 e resilienza operativa<\/strong> nell&#8217;intero panorama dei dati aziendali.<\/p>\n<\/div><div class=\"fusion-clearfix\"><\/div><\/div><\/div><div class=\"fusion-layout-column fusion_builder_column fusion-builder-column-8 fusion_builder_column_1_1 1_1 fusion-one-full fusion-column-first fusion-column-last\" style=\"--awb-bg-size:cover;\"><div class=\"fusion-column-wrapper fusion-column-has-shadow fusion-flex-column-wrapper-legacy\"><div class=\"fusion-image-element in-legacy-container\" style=\"--awb-caption-title-font-family:var(--h2_typography-font-family);--awb-caption-title-font-weight:var(--h2_typography-font-weight);--awb-caption-title-font-style:var(--h2_typography-font-style);--awb-caption-title-size:var(--h2_typography-font-size);--awb-caption-title-transform:var(--h2_typography-text-transform);--awb-caption-title-line-height:var(--h2_typography-line-height);--awb-caption-title-letter-spacing:var(--h2_typography-letter-spacing);\"><span class=\" fusion-imageframe imageframe-none imageframe-2 hover-type-none\"><img decoding=\"async\" width=\"1040\" height=\"640\" title=\"MDM\" src=\"https:\/\/www.omniabpm.com\/wp-content\/uploads\/2025\/10\/MDM.png\" alt class=\"img-responsive wp-image-16944\" srcset=\"https:\/\/www.omnia-platform.com\/wp-content\/uploads\/2025\/10\/MDM-200x123.png 200w, https:\/\/www.omnia-platform.com\/wp-content\/uploads\/2025\/10\/MDM-400x246.png 400w, https:\/\/www.omnia-platform.com\/wp-content\/uploads\/2025\/10\/MDM-600x369.png 600w, https:\/\/www.omnia-platform.com\/wp-content\/uploads\/2025\/10\/MDM-800x492.png 800w, https:\/\/www.omnia-platform.com\/wp-content\/uploads\/2025\/10\/MDM.png 1040w\" sizes=\"(max-width: 800px) 100vw, 1040px\" \/><\/span><\/div><div class=\"fusion-clearfix\"><\/div><\/div><\/div><div class=\"fusion-layout-column fusion_builder_column fusion-builder-column-9 fusion_builder_column_1_1 1_1 fusion-one-full fusion-column-first fusion-column-last\" style=\"--awb-bg-size:cover;\"><div class=\"fusion-column-wrapper fusion-column-has-shadow fusion-flex-column-wrapper-legacy\"><div class=\"fusion-text fusion-text-9\"><p><strong>Un hub dati progettato per l&#8217;interoperabilit\u00e0<\/strong><\/p>\n<p>Omnia MDM adotta un <strong>modello Publisher\/Subscriber basato sugli eventi<\/strong>: ogni modifica a un record master attiva automaticamente un evento che si propaga a tutti i sistemi connessi.<br \/>\nOgni applicazione pu\u00f2 fungere sia da <strong>Publisher<\/strong> che da <strong>Subscriber<\/strong>, consentendo la <strong>sincronizzazione in tempo reale<\/strong> e la <strong>comunicazione bidirezionale<\/strong> tra i sistemi aziendali.<\/p>\n<p><strong>Configurazione low-code e integrazione perfetta<\/strong><\/p>\n<p>Tutte le funzionalit\u00e0 MDM sono esposte tramite <strong>API REST<\/strong> sicure e possono essere configurate tramite l&#8217;<strong>interfaccia low-code<\/strong> della piattaforma:<\/p>\n<ul>\n<li>Definisci attributi e relazioni tra dati<\/li>\n<li>Imposta regole, convalide e vincoli<\/li>\n<li>Configura la logica di sincronizzazione e pianificazione<\/li>\n<\/ul>\n<\/div><div class=\"fusion-clearfix\"><\/div><\/div><\/div><div class=\"fusion-layout-column fusion_builder_column fusion-builder-column-10 fusion_builder_column_1_1 1_1 fusion-one-full fusion-column-first fusion-column-last\" style=\"--awb-bg-size:cover;\"><div class=\"fusion-column-wrapper fusion-column-has-shadow fusion-flex-column-wrapper-legacy\"><div class=\"fusion-text fusion-text-10\"><p>MDM supporta flussi di dati sia <strong>reattivi (basati su eventi)<\/strong> che <strong>proattivi (pianificati)<\/strong>, integrati con <strong>Omnia BPM<\/strong> per flussi di lavoro di approvazione o convalida.<\/p>\n<p><strong>Sicurezza, governance e conformit\u00e0<\/strong><\/p>\n<p>Omnia MDM garantisce una sicurezza di livello aziendale con comunicazioni crittografate, certificati digitali e monitoraggio centralizzato. Le funzionalit\u00e0 di governance includono:<\/p>\n<ul>\n<li>Audit trail completo e <strong>versioning<\/strong> di ogni modifica dei dati<\/li>\n<li><strong>Funzionalit\u00e0 di rollback<\/strong> e ripristino<\/li>\n<li><strong>Flussi di lavoro di approvazione<\/strong> per gli aggiornamenti dei dati<\/li>\n<li>Console centralizzata per il monitoraggio di eventi e interazioni di sistema<\/li>\n<\/ul>\n<p><strong>Architettura scalabile e resiliente<\/strong><\/p>\n<p>Omnia MDM garantisce <strong>integrit\u00e0 e continuit\u00e0 dei dati<\/strong> anche durante i tempi di inattivit\u00e0 dei sistemi esterni, supportando sia la logica sincrona che asincrona con <strong>nuovi tentativi automatici<\/strong> e <strong>persistenza degli eventi<\/strong>.<br \/>\nLa sua architettura componibile e disaccoppiata garantisce <strong>scalabilit\u00e0<\/strong> e <strong>prontezza per il futuro<\/strong>, evolvendosi insieme alla tua infrastruttura IT.<\/p>\n<p><strong>Integrazione con altri moduli Omnia<\/strong><\/p>\n<p>Omnia MDM si integra perfettamente con l&#8217;ecosistema Omnia per estenderne le funzionalit\u00e0 lungo l&#8217;intero ciclo di vita dei dati:<\/p>\n<ul>\n<li><strong>Omnia BPM<\/strong> per l&#8217;orchestrazione dei processi e i flussi di approvazione<\/li>\n<li><strong>Omnia Document Management<\/strong> per la generazione di documenti su dati convalidati<\/li>\n<li><strong>Omnia AI Director<\/strong> per la fornitura di dati certificati a modelli di intelligenza artificiale e machine learning<\/li>\n<li><strong>Omnia Remote Document Storage<\/strong> per la sincronizzazione di file e documenti (in combinazione con il modulo MFM)<\/li>\n<\/ul>\n<p><strong>Vantaggi strategici<\/strong><\/p>\n<ul>\n<li>Dati unificati e certificati su tutti i sistemi<\/li>\n<li>Interoperabilit\u00e0 accelerata e riduzione dello sforzo di integrazione<\/li>\n<li>Miglioramento della qualit\u00e0, della sicurezza e della conformit\u00e0 dei dati<\/li>\n<li>Piena visibilit\u00e0 sui flussi di informazioni<\/li>\n<li style=\"list-style-type: none;\">\n<ul>\n<li>Fondamenti per Innovazione guidata dall&#8217;intelligenza artificiale<\/li>\n<\/ul>\n<\/li>\n<\/ul>\n<\/div><div class=\"fusion-clearfix\"><\/div><\/div><\/div><\/div><\/div><\/p>\n","protected":false},"excerpt":{"rendered":"","protected":false},"author":1,"featured_media":16944,"parent":3182,"menu_order":0,"comment_status":"closed","ping_status":"closed","template":"100-width.php","meta":{"footnotes":""},"class_list":["post-16977","page","type-page","status-publish","has-post-thumbnail","hentry"],"_links":{"self":[{"href":"https:\/\/www.omnia-platform.com\/it\/wp-json\/wp\/v2\/pages\/16977","targetHints":{"allow":["GET"]}}],"collection":[{"href":"https:\/\/www.omnia-platform.com\/it\/wp-json\/wp\/v2\/pages"}],"about":[{"href":"https:\/\/www.omnia-platform.com\/it\/wp-json\/wp\/v2\/types\/page"}],"author":[{"embeddable":true,"href":"https:\/\/www.omnia-platform.com\/it\/wp-json\/wp\/v2\/users\/1"}],"replies":[{"embeddable":true,"href":"https:\/\/www.omnia-platform.com\/it\/wp-json\/wp\/v2\/comments?post=16977"}],"version-history":[{"count":9,"href":"https:\/\/www.omnia-platform.com\/it\/wp-json\/wp\/v2\/pages\/16977\/revisions"}],"predecessor-version":[{"id":16987,"href":"https:\/\/www.omnia-platform.com\/it\/wp-json\/wp\/v2\/pages\/16977\/revisions\/16987"}],"up":[{"embeddable":true,"href":"https:\/\/www.omnia-platform.com\/it\/wp-json\/wp\/v2\/pages\/3182"}],"wp:featuredmedia":[{"embeddable":true,"href":"https:\/\/www.omnia-platform.com\/it\/wp-json\/wp\/v2\/media\/16944"}],"wp:attachment":[{"href":"https:\/\/www.omnia-platform.com\/it\/wp-json\/wp\/v2\/media?parent=16977"}],"curies":[{"name":"wp","href":"https:\/\/api.w.org\/{rel}","templated":true}]}}