{"id":16494,"date":"2023-10-30T11:59:28","date_gmt":"2023-10-30T10:59:28","guid":{"rendered":"https:\/\/www.omniabpm.com\/?page_id=16494"},"modified":"2023-10-31T17:02:36","modified_gmt":"2023-10-31T16:02:36","slug":"trasforma-le-tue-sfide-aziendali-in-innovazioni-concrete-con-omnia","status":"publish","type":"page","link":"https:\/\/www.omnia-platform.com\/it\/trasforma-le-tue-sfide-aziendali-in-innovazioni-concrete-con-omnia\/","title":{"rendered":"Trasforma le tue sfide aziendali in innovazioni concrete con Omnia!"},"content":{"rendered":"\t\t<div data-elementor-type=\"wp-page\" data-elementor-id=\"16494\" class=\"elementor elementor-16494\">\n\t\t\t\t\t\t<section class=\"elementor-section elementor-top-section elementor-element elementor-element-c678d1a elementor-section-boxed elementor-section-height-default elementor-section-height-default\" data-id=\"c678d1a\" data-element_type=\"section\">\n\t\t\t\t\t\t<div class=\"elementor-container elementor-column-gap-default\">\n\t\t\t\t\t<div class=\"elementor-column elementor-col-100 elementor-top-column elementor-element elementor-element-bb8676c\" data-id=\"bb8676c\" data-element_type=\"column\">\n\t\t\t<div class=\"elementor-widget-wrap elementor-element-populated\">\n\t\t\t\t\t\t<div class=\"elementor-element elementor-element-94323b7 elementor-widget elementor-widget-image\" data-id=\"94323b7\" data-element_type=\"widget\" data-widget_type=\"image.default\">\n\t\t\t\t<div class=\"elementor-widget-container\">\n\t\t\t\t\t\t\t\t\t\t\t\t\t\t\t<img fetchpriority=\"high\" decoding=\"async\" width=\"1024\" height=\"512\" src=\"https:\/\/www.omnia-platform.com\/wp-content\/uploads\/2023\/10\/campagna_Sportello_digitale_Omnia_landing-1024x512.jpg\" class=\"attachment-large size-large wp-image-16497\" alt=\"Sportello Digitale Omnia BPM\" srcset=\"https:\/\/www.omnia-platform.com\/wp-content\/uploads\/2023\/10\/campagna_Sportello_digitale_Omnia_landing-150x75.jpg 150w, https:\/\/www.omnia-platform.com\/wp-content\/uploads\/2023\/10\/campagna_Sportello_digitale_Omnia_landing-200x100.jpg 200w, https:\/\/www.omnia-platform.com\/wp-content\/uploads\/2023\/10\/campagna_Sportello_digitale_Omnia_landing-300x150.jpg 300w, https:\/\/www.omnia-platform.com\/wp-content\/uploads\/2023\/10\/campagna_Sportello_digitale_Omnia_landing-400x200.jpg 400w, https:\/\/www.omnia-platform.com\/wp-content\/uploads\/2023\/10\/campagna_Sportello_digitale_Omnia_landing-500x250.jpg 500w, https:\/\/www.omnia-platform.com\/wp-content\/uploads\/2023\/10\/campagna_Sportello_digitale_Omnia_landing-600x300.jpg 600w, https:\/\/www.omnia-platform.com\/wp-content\/uploads\/2023\/10\/campagna_Sportello_digitale_Omnia_landing-768x384.jpg 768w, https:\/\/www.omnia-platform.com\/wp-content\/uploads\/2023\/10\/campagna_Sportello_digitale_Omnia_landing-800x400.jpg 800w, https:\/\/www.omnia-platform.com\/wp-content\/uploads\/2023\/10\/campagna_Sportello_digitale_Omnia_landing-1024x512.jpg 1024w, https:\/\/www.omnia-platform.com\/wp-content\/uploads\/2023\/10\/campagna_Sportello_digitale_Omnia_landing.jpg 1080w\" sizes=\"(max-width: 1024px) 100vw, 1024px\" \/>\t\t\t\t\t\t\t\t\t\t\t\t\t\t\t<\/div>\n\t\t\t\t<\/div>\n\t\t\t\t\t<\/div>\n\t\t<\/div>\n\t\t\t\t\t<\/div>\n\t\t<\/section>\n\t\t\t\t<section class=\"elementor-section elementor-top-section elementor-element elementor-element-9a3314c elementor-section-boxed elementor-section-height-default elementor-section-height-default\" data-id=\"9a3314c\" data-element_type=\"section\">\n\t\t\t\t\t\t<div class=\"elementor-container elementor-column-gap-default\">\n\t\t\t\t\t<div class=\"elementor-column elementor-col-100 elementor-top-column elementor-element elementor-element-edff7ba\" data-id=\"edff7ba\" data-element_type=\"column\">\n\t\t\t<div class=\"elementor-widget-wrap elementor-element-populated\">\n\t\t\t\t\t\t<div class=\"elementor-element elementor-element-376fbc7 elementor-widget elementor-widget-spacer\" data-id=\"376fbc7\" data-element_type=\"widget\" data-widget_type=\"spacer.default\">\n\t\t\t\t<div class=\"elementor-widget-container\">\n\t\t\t\t\t\t\t<div class=\"elementor-spacer\">\n\t\t\t<div class=\"elementor-spacer-inner\"><\/div>\n\t\t<\/div>\n\t\t\t\t\t\t<\/div>\n\t\t\t\t<\/div>\n\t\t\t\t<div class=\"elementor-element elementor-element-31fe96f elementor-widget elementor-widget-heading\" data-id=\"31fe96f\" data-element_type=\"widget\" data-widget_type=\"heading.default\">\n\t\t\t\t<div class=\"elementor-widget-container\">\n\t\t\t\t\t<h2 class=\"elementor-heading-title elementor-size-default\">TRASFORMA LE TUE SFIDE AZIENDALI IN INNOVAZIONI CONCRETE CON OMNIA!<\/h2>\t\t\t\t<\/div>\n\t\t\t\t<\/div>\n\t\t\t\t<div class=\"elementor-element elementor-element-5221cd0 elementor-widget elementor-widget-text-editor\" data-id=\"5221cd0\" data-element_type=\"widget\" data-widget_type=\"text-editor.default\">\n\t\t\t\t<div class=\"elementor-widget-container\">\n\t\t\t\t\t\t\t\t\t<p>Sei pronto a fare il salto di qualit\u00e0 nella tua attivit\u00e0? Con la nostra potente piattaforma low-code puoi iniziare a lavorare direttamente sulle funzionalit\u00e0 necessarie per far crescere la tua azienda.<\/p>\t\t\t\t\t\t\t\t<\/div>\n\t\t\t\t<\/div>\n\t\t\t\t\t<\/div>\n\t\t<\/div>\n\t\t\t\t\t<\/div>\n\t\t<\/section>\n\t\t\t\t<section class=\"elementor-section elementor-top-section elementor-element elementor-element-234084c elementor-section-boxed elementor-section-height-default elementor-section-height-default\" data-id=\"234084c\" data-element_type=\"section\">\n\t\t\t\t\t\t<div class=\"elementor-container elementor-column-gap-default\">\n\t\t\t\t\t<div class=\"elementor-column elementor-col-100 elementor-top-column elementor-element elementor-element-50de555\" data-id=\"50de555\" data-element_type=\"column\">\n\t\t\t<div class=\"elementor-widget-wrap elementor-element-populated\">\n\t\t\t\t\t\t<div class=\"elementor-element elementor-element-1333906 elementor-widget elementor-widget-heading\" data-id=\"1333906\" data-element_type=\"widget\" data-widget_type=\"heading.default\">\n\t\t\t\t<div class=\"elementor-widget-container\">\n\t\t\t\t\t<h3 class=\"elementor-heading-title elementor-size-default\">Perch\u00e9 scegliere Omnia BPM?<\/h3>\t\t\t\t<\/div>\n\t\t\t\t<\/div>\n\t\t\t\t\t<\/div>\n\t\t<\/div>\n\t\t\t\t\t<\/div>\n\t\t<\/section>\n\t\t\t\t<section class=\"elementor-section elementor-top-section elementor-element elementor-element-8742d77 elementor-section-boxed elementor-section-height-default elementor-section-height-default\" data-id=\"8742d77\" data-element_type=\"section\">\n\t\t\t\t\t\t<div class=\"elementor-container elementor-column-gap-default\">\n\t\t\t\t\t<div class=\"elementor-column elementor-col-25 elementor-top-column elementor-element elementor-element-0320029\" data-id=\"0320029\" data-element_type=\"column\">\n\t\t\t<div class=\"elementor-widget-wrap elementor-element-populated\">\n\t\t\t\t\t\t<div class=\"elementor-element elementor-element-c262302 elementor-view-default elementor-widget elementor-widget-icon\" data-id=\"c262302\" data-element_type=\"widget\" data-widget_type=\"icon.default\">\n\t\t\t\t<div class=\"elementor-widget-container\">\n\t\t\t\t\t\t\t<div class=\"elementor-icon-wrapper\">\n\t\t\t<div class=\"elementor-icon\">\n\t\t\t<i aria-hidden=\"true\" class=\"fas fa-clock\"><\/i>\t\t\t<\/div>\n\t\t<\/div>\n\t\t\t\t\t\t<\/div>\n\t\t\t\t<\/div>\n\t\t\t\t<div class=\"elementor-element elementor-element-db6e187 elementor-widget elementor-widget-text-editor\" data-id=\"db6e187\" data-element_type=\"widget\" data-widget_type=\"text-editor.default\">\n\t\t\t\t<div class=\"elementor-widget-container\">\n\t\t\t\t\t\t\t\t\tRISPARMIO DI TEMPO\t\t\t\t\t\t\t\t<\/div>\n\t\t\t\t<\/div>\n\t\t\t\t\t<\/div>\n\t\t<\/div>\n\t\t\t\t<div class=\"elementor-column elementor-col-25 elementor-top-column elementor-element elementor-element-810bfcc\" data-id=\"810bfcc\" data-element_type=\"column\">\n\t\t\t<div class=\"elementor-widget-wrap elementor-element-populated\">\n\t\t\t\t\t\t<div class=\"elementor-element elementor-element-90164ec elementor-view-default elementor-widget elementor-widget-icon\" data-id=\"90164ec\" data-element_type=\"widget\" data-widget_type=\"icon.default\">\n\t\t\t\t<div class=\"elementor-widget-container\">\n\t\t\t\t\t\t\t<div class=\"elementor-icon-wrapper\">\n\t\t\t<div class=\"elementor-icon\">\n\t\t\t<i aria-hidden=\"true\" class=\"fas fa-chess\"><\/i>\t\t\t<\/div>\n\t\t<\/div>\n\t\t\t\t\t\t<\/div>\n\t\t\t\t<\/div>\n\t\t\t\t<div class=\"elementor-element elementor-element-dac3a06 elementor-widget elementor-widget-text-editor\" data-id=\"dac3a06\" data-element_type=\"widget\" data-widget_type=\"text-editor.default\">\n\t\t\t\t<div class=\"elementor-widget-container\">\n\t\t\t\t\t\t\t\t\t<p>OTTIMIZZAZIONE DELLE PERFORMANCE<\/p>\t\t\t\t\t\t\t\t<\/div>\n\t\t\t\t<\/div>\n\t\t\t\t\t<\/div>\n\t\t<\/div>\n\t\t\t\t<div class=\"elementor-column elementor-col-25 elementor-top-column elementor-element elementor-element-a7bd045\" data-id=\"a7bd045\" data-element_type=\"column\">\n\t\t\t<div class=\"elementor-widget-wrap elementor-element-populated\">\n\t\t\t\t\t\t<div class=\"elementor-element elementor-element-49ad943 elementor-view-default elementor-widget elementor-widget-icon\" data-id=\"49ad943\" data-element_type=\"widget\" data-widget_type=\"icon.default\">\n\t\t\t\t<div class=\"elementor-widget-container\">\n\t\t\t\t\t\t\t<div class=\"elementor-icon-wrapper\">\n\t\t\t<div class=\"elementor-icon\">\n\t\t\t<i aria-hidden=\"true\" class=\"fas fa-chart-pie\"><\/i>\t\t\t<\/div>\n\t\t<\/div>\n\t\t\t\t\t\t<\/div>\n\t\t\t\t<\/div>\n\t\t\t\t<div class=\"elementor-element elementor-element-bd4168a elementor-widget elementor-widget-text-editor\" data-id=\"bd4168a\" data-element_type=\"widget\" data-widget_type=\"text-editor.default\">\n\t\t\t\t<div class=\"elementor-widget-container\">\n\t\t\t\t\t\t\t\t\t<p>RIDUZIONE TIME-TO-MARKET<\/p>\t\t\t\t\t\t\t\t<\/div>\n\t\t\t\t<\/div>\n\t\t\t\t\t<\/div>\n\t\t<\/div>\n\t\t\t\t<div class=\"elementor-column elementor-col-25 elementor-top-column elementor-element elementor-element-69fb9f1\" data-id=\"69fb9f1\" data-element_type=\"column\">\n\t\t\t<div class=\"elementor-widget-wrap elementor-element-populated\">\n\t\t\t\t\t\t<div class=\"elementor-element elementor-element-7a130eb elementor-view-default elementor-widget elementor-widget-icon\" data-id=\"7a130eb\" data-element_type=\"widget\" data-widget_type=\"icon.default\">\n\t\t\t\t<div class=\"elementor-widget-container\">\n\t\t\t\t\t\t\t<div class=\"elementor-icon-wrapper\">\n\t\t\t<div class=\"elementor-icon\">\n\t\t\t<i aria-hidden=\"true\" class=\"fas fa-chart-line\"><\/i>\t\t\t<\/div>\n\t\t<\/div>\n\t\t\t\t\t\t<\/div>\n\t\t\t\t<\/div>\n\t\t\t\t<div class=\"elementor-element elementor-element-600171e elementor-widget elementor-widget-text-editor\" data-id=\"600171e\" data-element_type=\"widget\" data-widget_type=\"text-editor.default\">\n\t\t\t\t<div class=\"elementor-widget-container\">\n\t\t\t\t\t\t\t\t\tINCREMENTO DELLA PRODUTTIVIT\u00c0\t\t\t\t\t\t\t\t<\/div>\n\t\t\t\t<\/div>\n\t\t\t\t\t<\/div>\n\t\t<\/div>\n\t\t\t\t\t<\/div>\n\t\t<\/section>\n\t\t\t\t<section class=\"elementor-section elementor-top-section elementor-element elementor-element-4fdcc78 elementor-section-boxed elementor-section-height-default elementor-section-height-default\" data-id=\"4fdcc78\" data-element_type=\"section\">\n\t\t\t\t\t\t<div class=\"elementor-container elementor-column-gap-default\">\n\t\t\t\t\t<div class=\"elementor-column elementor-col-100 elementor-top-column elementor-element elementor-element-00c516a\" data-id=\"00c516a\" data-element_type=\"column\">\n\t\t\t<div class=\"elementor-widget-wrap elementor-element-populated\">\n\t\t\t\t\t\t<div class=\"elementor-element elementor-element-1a0fbb6 elementor-align-center elementor-widget elementor-widget-button\" data-id=\"1a0fbb6\" data-element_type=\"widget\" data-widget_type=\"button.default\">\n\t\t\t\t<div class=\"elementor-widget-container\">\n\t\t\t\t\t\t\t\t\t<div class=\"elementor-button-wrapper\">\n\t\t\t\t\t<a class=\"elementor-button elementor-button-link elementor-size-sm\" href=\"#sportello_contatti\">\n\t\t\t\t\t\t<span class=\"elementor-button-content-wrapper\">\n\t\t\t\t\t\t\t\t\t<span class=\"elementor-button-text\">CONTATTACI<\/span>\n\t\t\t\t\t<\/span>\n\t\t\t\t\t<\/a>\n\t\t\t\t<\/div>\n\t\t\t\t\t\t\t\t<\/div>\n\t\t\t\t<\/div>\n\t\t\t\t\t<\/div>\n\t\t<\/div>\n\t\t\t\t\t<\/div>\n\t\t<\/section>\n\t\t\t\t<section class=\"elementor-section elementor-top-section elementor-element elementor-element-ebf6adb elementor-section-boxed elementor-section-height-default elementor-section-height-default\" data-id=\"ebf6adb\" data-element_type=\"section\">\n\t\t\t\t\t\t<div class=\"elementor-container elementor-column-gap-default\">\n\t\t\t\t\t<div class=\"elementor-column elementor-col-100 elementor-top-column elementor-element elementor-element-da8d153\" data-id=\"da8d153\" data-element_type=\"column\">\n\t\t\t<div class=\"elementor-widget-wrap elementor-element-populated\">\n\t\t\t\t\t\t<div class=\"elementor-element elementor-element-ec4cc86 elementor-widget elementor-widget-heading\" data-id=\"ec4cc86\" data-element_type=\"widget\" data-widget_type=\"heading.default\">\n\t\t\t\t<div class=\"elementor-widget-container\">\n\t\t\t\t\t<h3 class=\"elementor-heading-title elementor-size-default\">Come possiamo aiutarti?<\/h3>\t\t\t\t<\/div>\n\t\t\t\t<\/div>\n\t\t\t\t<div class=\"elementor-element elementor-element-4e6d974 elementor-widget elementor-widget-text-editor\" data-id=\"4e6d974\" data-element_type=\"widget\" data-widget_type=\"text-editor.default\">\n\t\t\t\t<div class=\"elementor-widget-container\">\n\t\t\t\t\t\t\t\t\t<p>Abbiamo rivoluzionato il processo di sviluppo delle applicazioni. Il tempo necessario per costruire le tue applicazioni di business si riduce da mesi a giorni, consentendo alla tua azienda di godere rapidamente dei benefici degli investimenti.<\/p>\n<p>Non perdere l\u2019opportunit\u00e0 di portare il tuo business al livello successivo. Omnia \u00e8 la chiave per trasformare le tue sfide in solide innovazioni.<\/p>\n<p><strong>Raccontaci la tua sfida.<\/strong><\/p>\t\t\t\t\t\t\t\t<\/div>\n\t\t\t\t<\/div>\n\t\t\t\t<div class=\"elementor-element elementor-element-5376c54 elementor-align-center elementor-widget elementor-widget-button\" data-id=\"5376c54\" data-element_type=\"widget\" data-widget_type=\"button.default\">\n\t\t\t\t<div class=\"elementor-widget-container\">\n\t\t\t\t\t\t\t\t\t<div class=\"elementor-button-wrapper\">\n\t\t\t\t\t<a class=\"elementor-button elementor-button-link elementor-size-sm\" href=\"#sportello_contatti\">\n\t\t\t\t\t\t<span class=\"elementor-button-content-wrapper\">\n\t\t\t\t\t\t\t\t\t<span class=\"elementor-button-text\">CONTATTACI<\/span>\n\t\t\t\t\t<\/span>\n\t\t\t\t\t<\/a>\n\t\t\t\t<\/div>\n\t\t\t\t\t\t\t\t<\/div>\n\t\t\t\t<\/div>\n\t\t\t\t\t<\/div>\n\t\t<\/div>\n\t\t\t\t\t<\/div>\n\t\t<\/section>\n\t\t\t\t<section class=\"elementor-section elementor-top-section elementor-element elementor-element-f45528b elementor-section-boxed elementor-section-height-default elementor-section-height-default\" data-id=\"f45528b\" data-element_type=\"section\">\n\t\t\t\t\t\t<div class=\"elementor-container elementor-column-gap-default\">\n\t\t\t\t\t<div class=\"elementor-column elementor-col-50 elementor-top-column elementor-element elementor-element-607a927\" data-id=\"607a927\" data-element_type=\"column\">\n\t\t\t<div class=\"elementor-widget-wrap elementor-element-populated\">\n\t\t\t\t\t\t<div class=\"elementor-element elementor-element-16cb51e elementor-widget elementor-widget-image\" data-id=\"16cb51e\" data-element_type=\"widget\" data-widget_type=\"image.default\">\n\t\t\t\t<div class=\"elementor-widget-container\">\n\t\t\t\t\t\t\t\t\t\t\t\t\t\t\t<img decoding=\"async\" width=\"800\" height=\"500\" src=\"https:\/\/www.omnia-platform.com\/wp-content\/uploads\/2023\/10\/Sportello_digitale_Omnia.jpg\" class=\"attachment-large size-large wp-image-16511\" alt=\"\" srcset=\"https:\/\/www.omnia-platform.com\/wp-content\/uploads\/2023\/10\/Sportello_digitale_Omnia-150x94.jpg 150w, https:\/\/www.omnia-platform.com\/wp-content\/uploads\/2023\/10\/Sportello_digitale_Omnia-200x125.jpg 200w, https:\/\/www.omnia-platform.com\/wp-content\/uploads\/2023\/10\/Sportello_digitale_Omnia-300x188.jpg 300w, https:\/\/www.omnia-platform.com\/wp-content\/uploads\/2023\/10\/Sportello_digitale_Omnia-400x250.jpg 400w, https:\/\/www.omnia-platform.com\/wp-content\/uploads\/2023\/10\/Sportello_digitale_Omnia-500x313.jpg 500w, https:\/\/www.omnia-platform.com\/wp-content\/uploads\/2023\/10\/Sportello_digitale_Omnia-600x375.jpg 600w, https:\/\/www.omnia-platform.com\/wp-content\/uploads\/2023\/10\/Sportello_digitale_Omnia-768x480.jpg 768w, https:\/\/www.omnia-platform.com\/wp-content\/uploads\/2023\/10\/Sportello_digitale_Omnia.jpg 800w\" sizes=\"(max-width: 800px) 100vw, 800px\" \/>\t\t\t\t\t\t\t\t\t\t\t\t\t\t\t<\/div>\n\t\t\t\t<\/div>\n\t\t\t\t\t<\/div>\n\t\t<\/div>\n\t\t\t\t<div class=\"elementor-column elementor-col-50 elementor-top-column elementor-element elementor-element-c10de96\" data-id=\"c10de96\" data-element_type=\"column\">\n\t\t\t<div class=\"elementor-widget-wrap elementor-element-populated\">\n\t\t\t\t\t\t<div class=\"elementor-element elementor-element-c976576 elementor-widget elementor-widget-spacer\" data-id=\"c976576\" data-element_type=\"widget\" data-widget_type=\"spacer.default\">\n\t\t\t\t<div class=\"elementor-widget-container\">\n\t\t\t\t\t\t\t<div class=\"elementor-spacer\">\n\t\t\t<div class=\"elementor-spacer-inner\"><\/div>\n\t\t<\/div>\n\t\t\t\t\t\t<\/div>\n\t\t\t\t<\/div>\n\t\t\t\t<div class=\"elementor-element elementor-element-01daf6c elementor-widget elementor-widget-heading\" data-id=\"01daf6c\" data-element_type=\"widget\" data-widget_type=\"heading.default\">\n\t\t\t\t<div class=\"elementor-widget-container\">\n\t\t\t\t\t<h3 class=\"elementor-heading-title elementor-size-default\">Come funziona la consulenza?<\/h3>\t\t\t\t<\/div>\n\t\t\t\t<\/div>\n\t\t\t\t<div class=\"elementor-element elementor-element-3daa3e1 elementor-widget elementor-widget-text-editor\" data-id=\"3daa3e1\" data-element_type=\"widget\" data-widget_type=\"text-editor.default\">\n\t\t\t\t<div class=\"elementor-widget-container\">\n\t\t\t\t\t\t\t\t\t<ul><li>Scegli tu quando richiedere la consulenza<\/li><li>La video call \u00e8 gratuita<\/li><li>Potrai confrontarti con i nostri consulenti senior<\/li><\/ul>\t\t\t\t\t\t\t\t<\/div>\n\t\t\t\t<\/div>\n\t\t\t\t<div class=\"elementor-element elementor-element-4d21c6f elementor-widget elementor-widget-text-editor\" data-id=\"4d21c6f\" data-element_type=\"widget\" data-widget_type=\"text-editor.default\">\n\t\t\t\t<div class=\"elementor-widget-container\">\n\t\t\t\t\t\t\t\t\t<p><strong>Compila il form per essere contattato dai nostri esperti e organizzare subito una video call.<\/strong><\/p>\t\t\t\t\t\t\t\t<\/div>\n\t\t\t\t<\/div>\n\t\t\t\t\t<\/div>\n\t\t<\/div>\n\t\t\t\t\t<\/div>\n\t\t<\/section>\n\t\t\t\t<section class=\"elementor-section elementor-top-section elementor-element elementor-element-b331f75 elementor-section-boxed elementor-section-height-default elementor-section-height-default\" data-id=\"b331f75\" data-element_type=\"section\">\n\t\t\t\t\t\t<div class=\"elementor-container elementor-column-gap-default\">\n\t\t\t\t\t<div class=\"elementor-column elementor-col-100 elementor-top-column elementor-element elementor-element-1e51dc2\" data-id=\"1e51dc2\" data-element_type=\"column\">\n\t\t\t<div class=\"elementor-widget-wrap elementor-element-populated\">\n\t\t\t\t\t\t<div class=\"elementor-element elementor-element-e757637 elementor-widget elementor-widget-heading\" data-id=\"e757637\" data-element_type=\"widget\" data-widget_type=\"heading.default\">\n\t\t\t\t<div class=\"elementor-widget-container\">\n\t\t\t\t\t<h3 class=\"elementor-heading-title elementor-size-default\"><span id=\"sportello_contatti\">Affidati ad Omnia per innovare il tuo business! <\/span><\/h3>\t\t\t\t<\/div>\n\t\t\t\t<\/div>\n\t\t\t\t<div class=\"elementor-element elementor-element-0c6ec57 elementor-widget elementor-widget-text-editor\" data-id=\"0c6ec57\" data-element_type=\"widget\" data-widget_type=\"text-editor.default\">\n\t\t\t\t<div class=\"elementor-widget-container\">\n\t\t\t\t\t\t\t\t\t<div class=\"wpforms-container wpforms-container-full\" id=\"wpforms-16505\"><form id=\"wpforms-form-16505\" class=\"wpforms-validate wpforms-form\" data-formid=\"16505\" method=\"post\" enctype=\"multipart\/form-data\" action=\"\/it\/wp-json\/wp\/v2\/pages\/16494\" data-token=\"bbc81c941915259543b8a7cdb419d337\" data-token-time=\"1777576354\"><noscript class=\"wpforms-error-noscript\">Abilita JavaScript nel browser per completare questo modulo.<\/noscript><div class=\"wpforms-field-container\"><div id=\"wpforms-16505-field_8-container\" class=\"wpforms-field wpforms-field-text wpforms-one-half wpforms-first\" data-field-id=\"8\"><label class=\"wpforms-field-label\" for=\"wpforms-16505-field_8\">Nome <span class=\"wpforms-required-label\">*<\/span><\/label><input type=\"text\" id=\"wpforms-16505-field_8\" class=\"wpforms-field-large wpforms-field-required\" name=\"wpforms[fields][8]\" required><\/div><div id=\"wpforms-16505-field_9-container\" class=\"wpforms-field wpforms-field-text wpforms-one-half\" data-field-id=\"9\"><label class=\"wpforms-field-label\" for=\"wpforms-16505-field_9\">Cognome <span class=\"wpforms-required-label\">*<\/span><\/label><input type=\"text\" id=\"wpforms-16505-field_9\" class=\"wpforms-field-large wpforms-field-required\" name=\"wpforms[fields][9]\" required><\/div><div id=\"wpforms-16505-field_11-container\" class=\"wpforms-field wpforms-field-email wpforms-one-half wpforms-first\" data-field-id=\"11\"><label class=\"wpforms-field-label\" for=\"wpforms-16505-field_11\">Email <span class=\"wpforms-required-label\">*<\/span><\/label><input type=\"email\" id=\"wpforms-16505-field_11\" class=\"wpforms-field-large wpforms-field-required\" name=\"wpforms[fields][11]\" spellcheck=\"false\" required><\/div><div id=\"wpforms-16505-field_5-container\" class=\"wpforms-field wpforms-field-number wpforms-one-half\" data-field-id=\"5\"><label class=\"wpforms-field-label\" for=\"wpforms-16505-field_5\">Telefono<\/label><input type=\"number\" id=\"wpforms-16505-field_5\" class=\"wpforms-field-large\" name=\"wpforms[fields][5]\" step=\"any\" ><\/div><div id=\"wpforms-16505-field_17-container\" class=\"wpforms-field wpforms-field-text wpforms-one-half wpforms-first\" data-field-id=\"17\"><label class=\"wpforms-field-label\" for=\"wpforms-16505-field_17\">Azienda <span class=\"wpforms-required-label\">*<\/span><\/label><input type=\"text\" id=\"wpforms-16505-field_17\" class=\"wpforms-field-large wpforms-field-required\" name=\"wpforms[fields][17]\" required><\/div><div id=\"wpforms-16505-field_21-container\" class=\"wpforms-field wpforms-field-text wpforms-one-half\" data-field-id=\"21\"><label class=\"wpforms-field-label\" for=\"wpforms-16505-field_21\">Qualifica<\/label><input type=\"text\" id=\"wpforms-16505-field_21\" class=\"wpforms-field-large\" name=\"wpforms[fields][21]\" ><\/div><div id=\"wpforms-16505-field_14-container\" class=\"wpforms-field wpforms-field-gdpr-checkbox\" data-field-id=\"14\"><label class=\"wpforms-field-label\">Accordo GDPR <span class=\"wpforms-required-label\">*<\/span><\/label><ul id=\"wpforms-16505-field_14\" class=\"wpforms-field-required\"><li class=\"choice-1\"><input type=\"checkbox\" id=\"wpforms-16505-field_14_1\" name=\"wpforms[fields][14][]\" value=\"Acconsento che questo sito Web memorizzi le informazioni inviate in modo che possano rispondere alla mia richiesta.\" required ><label class=\"wpforms-field-label-inline\" for=\"wpforms-16505-field_14_1\">Acconsento che questo sito Web memorizzi le informazioni inviate in modo che possano rispondere alla mia richiesta.<\/label><\/li><\/ul><\/div><div id=\"wpforms-16505-field_22-container\" class=\"wpforms-field wpforms-field-gdpr-checkbox\" data-field-id=\"22\"><label class=\"wpforms-field-label\">Privacy Policy <span class=\"wpforms-required-label\">*<\/span><\/label><ul id=\"wpforms-16505-field_22\" class=\"wpforms-field-required\"><li class=\"choice-1\"><input type=\"checkbox\" id=\"wpforms-16505-field_22_1\" name=\"wpforms[fields][22][]\" value=\"Dichiaro di aver letto l\u2019informativa di &lt;a href=&quot;https:\/\/www.omniabpm.com\/it\/privacy-policy\/&quot;&gt; privacy policy &lt;\/a&gt; e accetto i termini in essa contenuti\" required ><label class=\"wpforms-field-label-inline\" for=\"wpforms-16505-field_22_1\">Dichiaro di aver letto l\u2019informativa di <a href=\"https:\/\/www.omniabpm.com\/it\/privacy-policy\/\"> privacy policy <\/a> e accetto i termini in essa contenuti<\/label><\/li><\/ul><\/div><\/div><!-- .wpforms-field-container --><div class=\"wpforms-submit-container\" ><input type=\"hidden\" name=\"wpforms[id]\" value=\"16505\"><input type=\"hidden\" name=\"page_title\" value=\"\"><input type=\"hidden\" name=\"page_url\" value=\"https:\/\/www.omnia-platform.com\/it\/wp-json\/wp\/v2\/pages\/16494\"><input type=\"hidden\" name=\"url_referer\" value=\"\"><button type=\"submit\" name=\"wpforms[submit]\" id=\"wpforms-submit-16505\" class=\"wpforms-submit contact-button\" aria-live=\"assertive\" value=\"wpforms-submit\">CONTATTACI<\/button><\/div><\/form><\/div>  <!-- .wpforms-container -->\t\t\t\t\t\t\t\t<\/div>\n\t\t\t\t<\/div>\n\t\t\t\t\t<\/div>\n\t\t<\/div>\n\t\t\t\t\t<\/div>\n\t\t<\/section>\n\t\t\t\t<\/div>\n\t\t","protected":false},"excerpt":{"rendered":"<p>TRASFORMA LE TUE SFIDE AZIENDALI IN INNOVAZIONI CONCRETE CON OMNIA! Sei pronto a fare il salto di qualit\u00e0 nella tua attivit\u00e0? Con la nostra potente  [&#8230;]<\/p>\n","protected":false},"author":4,"featured_media":16524,"parent":0,"menu_order":0,"comment_status":"closed","ping_status":"closed","template":"","meta":{"footnotes":""},"class_list":["post-16494","page","type-page","status-publish","has-post-thumbnail","hentry"],"_links":{"self":[{"href":"https:\/\/www.omnia-platform.com\/it\/wp-json\/wp\/v2\/pages\/16494","targetHints":{"allow":["GET"]}}],"collection":[{"href":"https:\/\/www.omnia-platform.com\/it\/wp-json\/wp\/v2\/pages"}],"about":[{"href":"https:\/\/www.omnia-platform.com\/it\/wp-json\/wp\/v2\/types\/page"}],"author":[{"embeddable":true,"href":"https:\/\/www.omnia-platform.com\/it\/wp-json\/wp\/v2\/users\/4"}],"replies":[{"embeddable":true,"href":"https:\/\/www.omnia-platform.com\/it\/wp-json\/wp\/v2\/comments?post=16494"}],"version-history":[{"count":0,"href":"https:\/\/www.omnia-platform.com\/it\/wp-json\/wp\/v2\/pages\/16494\/revisions"}],"wp:featuredmedia":[{"embeddable":true,"href":"https:\/\/www.omnia-platform.com\/it\/wp-json\/wp\/v2\/media\/16524"}],"wp:attachment":[{"href":"https:\/\/www.omnia-platform.com\/it\/wp-json\/wp\/v2\/media?parent=16494"}],"curies":[{"name":"wp","href":"https:\/\/api.w.org\/{rel}","templated":true}]}}